{"id":12,"date":"2023-09-18T07:09:45","date_gmt":"2023-09-18T07:09:45","guid":{"rendered":"http:\/\/metnitzerhof.at\/?page_id=12"},"modified":"2023-09-18T09:11:17","modified_gmt":"2023-09-18T09:11:17","slug":"landgasthof","status":"publish","type":"page","link":"http:\/\/metnitzerhof.at\/index.php\/landgasthof\/","title":{"rendered":"Landgasthof"},"content":{"rendered":"\n<p>Wir freuen uns, Ihre wertvollen Urlaubsstunden zu einem unvergesslichen Erlebnis machen zu d\u00fcrfen.<\/p>\n\n\n\n<p>Pers\u00f6nlich k\u00fcmmern wir uns um Ihr Wohlbefinden und hei\u00dfen Sie im Landgasthof&nbsp;<strong>\u201cMetnitzerhof\u201d<\/strong>&nbsp;herzlich willkommen!<\/p>\n\n\n\n<p>Unser Landgasthof&nbsp;<strong>\u201cMetnitzerhof\u201d<\/strong>&nbsp;liegt im Zentrum von Metnitz im Metnitztal direkt am Marktplatz!<\/p>\n\n\n\n<p>Lassen Sie sich von unserer gutb\u00fcrgerlichen K\u00fcche verw\u00f6hnen und f\u00fchlen Sie sich in unseren gem\u00fctlichen Stuben wie zuhause. Au\u00dferdem ist unser Haus der ideale Rahmen f\u00fcr Ihre Feste und Feierlichkeiten.<\/p>\n\n\n\n<p>Wir w\u00fcrden uns freuen Sie in n\u00e4chster Zeit bei uns begr\u00fc\u00dfen zu d\u00fcrfen.<br>Lassen Sie den Alltag hinter sich und kommen Sie zu uns!<\/p>\n\n\n\n<p>Es ist auch ein Kinderspielplatz vorhanden. <\/p>\n\n\n\n<h4 class=\"wp-block-heading\"><em>Ein Besuch im Landgasthof \u201cMetnitzerhof\u201d ist ein Erlebnis f\u00fcr sich.<\/em><\/h4>\n\n\n\n<hr class=\"wp-block-separator has-alpha-channel-opacity\"\/>\n\n\n\n<h2 class=\"wp-block-heading has-text-align-center\">Unsere Gaststube:<\/h2>\n\n\n<div class=\"wp-block-image\">\n<figure class=\"aligncenter size-full\"><img loading=\"lazy\" decoding=\"async\" width=\"400\" height=\"268\" src=\"http:\/\/metnitzerhof.at\/wp-content\/uploads\/2023\/09\/1.jpg\" alt=\"\" class=\"wp-image-13\" srcset=\"http:\/\/metnitzerhof.at\/wp-content\/uploads\/2023\/09\/1.jpg 400w, http:\/\/metnitzerhof.at\/wp-content\/uploads\/2023\/09\/1-300x201.jpg 300w\" sizes=\"auto, (max-width: 400px) 100vw, 400px\" \/><\/figure>\n<\/div>\n\n\n<p>In den gem\u00fctlich, rustikal ausgestatteten R\u00e4umlichkeiten unseres Landgasthofes&nbsp;<strong>\u201cMetnitzerhof\u201d<\/strong>&nbsp;k\u00f6nnen sich unsere G\u00e4ste ganz wie zu Hause f\u00fchlen.<\/p>\n\n\n\n<p>Bei uns erfahren Sie echte \u00f6sterreichische Gastlichkeit. Vom Fr\u00fchst\u00fccksbuffet, Mittagstisch, Nachmittagskaffee und Abendessen bis hin zum Drink abends an der Theke \u2013 Gastfreundschaft ist bei uns kein leeres Wort.<\/p>\n\n\n\n<p>Einfach genie\u00dfen und sich verw\u00f6hnen lassen\u2026<\/p>\n\n\n\n<p>Dieses Motto sollten Sie beim Besuch unseres Landgasthofes walten lassen! Genie\u00dfen Sie kulinarische Gerichte von der K\u00e4rntner Hausmannskost bis hin zu internationalen Speisen in unserer gem\u00fctlichen Stube.<\/p>\n\n\n\n<p>Wir sind ein Landgasthof und Familienbetrieb, Ihr pers\u00f6nliches Wirtshaus ums Eck und bieten Ihnen gem\u00fctliche und bodenst\u00e4ndige Gastronomie.<\/p>\n\n\n\n<hr class=\"wp-block-separator has-alpha-channel-opacity\"\/>\n\n\n\n<h2 class=\"wp-block-heading has-text-align-center\">Unser Speisesaal:<\/h2>\n\n\n<div class=\"wp-block-image\">\n<figure class=\"aligncenter size-full\"><img loading=\"lazy\" decoding=\"async\" width=\"400\" height=\"268\" src=\"http:\/\/metnitzerhof.at\/wp-content\/uploads\/2023\/09\/2-1.jpg\" alt=\"\" class=\"wp-image-14\" srcset=\"http:\/\/metnitzerhof.at\/wp-content\/uploads\/2023\/09\/2-1.jpg 400w, http:\/\/metnitzerhof.at\/wp-content\/uploads\/2023\/09\/2-1-300x201.jpg 300w\" sizes=\"auto, (max-width: 400px) 100vw, 400px\" \/><\/figure>\n<\/div>\n\n\n<p>Liebe G\u00e4ste, ein altes bew\u00e4hrtes Sprichwort sagt:<\/p>\n\n\n\n<p><strong>\u201cLIEBE GEHT DURCH DEN MAGEN\u201d<\/strong><\/p>\n\n\n\n<p>Mit viel Liebe und Freude sind wir und unsere Mitarbeiter bem\u00fcht, Ihnen ein kreatives und hochwertiges Speisenangebot zu pr\u00e4sentieren. Wir legen gro\u00dfen Wert auf Frische und Qualit\u00e4t beim Einkauf und verarbeiten diese Produkte mit gro\u00dfer Sorgfalt.<\/p>\n\n\n\n<p>F\u00fcr besondere Gem\u00fctlichkeit sorgt unsere \u201cChefin\u201d, die den Saal jeder Jahreszeit entsprechend wundersch\u00f6n dekoriert und f\u00fcr harmonische Stimmung sorgt.<\/p>\n\n\n\n<p>Unser Saal bietet Platz f\u00fcr ca. 150 Personen. Viele Feste wie \u2013 Hochzeiten, Familienfeiern, Taufen, Veranstaltungen der Vereine u.v.m. finden hier statt.<\/p>\n\n\n\n<p><strong><em>F\u00fcr jeden Anlass und jedes Fest bieten wir Ihnen den passenden Rahmen!<\/em><\/strong><\/p>\n","protected":false},"excerpt":{"rendered":"<p>Wir freuen uns, Ihre wertvollen Urlaubsstunden zu einem unvergesslichen Erlebnis machen zu d\u00fcrfen. Pers\u00f6nlich k\u00fcmmern wir uns um Ihr Wohlbefinden und hei\u00dfen Sie im Landgasthof&nbsp;\u201cMetnitzerhof\u201d&nbsp;herzlich willkommen! Unser Landgasthof&nbsp;\u201cMetnitzerhof\u201d&nbsp;liegt im Zentrum von Metnitz im Metnitztal direkt am Marktplatz! Lassen Sie sich von unserer gutb\u00fcrgerlichen K\u00fcche verw\u00f6hnen und f\u00fchlen Sie sich in&#8230;<\/p>\n","protected":false},"author":1,"featured_media":0,"parent":0,"menu_order":0,"comment_status":"closed","ping_status":"closed","template":"","meta":{"footnotes":""},"class_list":["post-12","page","type-page","status-publish","hentry"],"_links":{"self":[{"href":"http:\/\/metnitzerhof.at\/index.php\/wp-json\/wp\/v2\/pages\/12","targetHints":{"allow":["GET"]}}],"collection":[{"href":"http:\/\/metnitzerhof.at\/index.php\/wp-json\/wp\/v2\/pages"}],"about":[{"href":"http:\/\/metnitzerhof.at\/index.php\/wp-json\/wp\/v2\/types\/page"}],"author":[{"embeddable":true,"href":"http:\/\/metnitzerhof.at\/index.php\/wp-json\/wp\/v2\/users\/1"}],"replies":[{"embeddable":true,"href":"http:\/\/metnitzerhof.at\/index.php\/wp-json\/wp\/v2\/comments?post=12"}],"version-history":[{"count":2,"href":"http:\/\/metnitzerhof.at\/index.php\/wp-json\/wp\/v2\/pages\/12\/revisions"}],"predecessor-version":[{"id":75,"href":"http:\/\/metnitzerhof.at\/index.php\/wp-json\/wp\/v2\/pages\/12\/revisions\/75"}],"wp:attachment":[{"href":"http:\/\/metnitzerhof.at\/index.php\/wp-json\/wp\/v2\/media?parent=12"}],"curies":[{"name":"wp","href":"https:\/\/api.w.org\/{rel}","templated":true}]}}