{"id":20,"date":"2023-09-18T07:13:01","date_gmt":"2023-09-18T07:13:01","guid":{"rendered":"http:\/\/metnitzerhof.at\/?page_id=20"},"modified":"2023-09-18T07:14:18","modified_gmt":"2023-09-18T07:14:18","slug":"so-finden-sie-uns","status":"publish","type":"page","link":"http:\/\/metnitzerhof.at\/index.php\/so-finden-sie-uns\/","title":{"rendered":"So finden Sie uns"},"content":{"rendered":"<p><iframe src=\"https:\/\/www.google.com\/maps\/embed?pb=!1m18!1m12!1m3!1d2722.000234040843!2d14.21347267681289!3d46.98133003094545!2m3!1f0!2f0!3f0!3m2!1i1024!2i768!4f13.1!3m3!1m2!1s0x47705bdb0faf5005%3A0xac56a2de2b8fe2fa!2sGasthof%20Metnitzerhof!5e0!3m2!1sde!2sat!4v1695021211814!5m2!1sde!2sat\" width=\"600\" height=\"450\" style=\"border:0;\" allowfullscreen=\"\" loading=\"lazy\" referrerpolicy=\"no-referrer-when-downgrade\"><\/iframe><\/p>\n\n\n<div class=\"wp-block-media-text is-stacked-on-mobile\"><figure class=\"wp-block-media-text__media\"><img loading=\"lazy\" decoding=\"async\" width=\"400\" height=\"267\" src=\"http:\/\/metnitzerhof.at\/wp-content\/uploads\/2023\/09\/metnitz2.jpg\" alt=\"\" class=\"wp-image-21 size-full\" srcset=\"http:\/\/metnitzerhof.at\/wp-content\/uploads\/2023\/09\/metnitz2.jpg 400w, http:\/\/metnitzerhof.at\/wp-content\/uploads\/2023\/09\/metnitz2-300x200.jpg 300w\" sizes=\"auto, (max-width: 400px) 100vw, 400px\" \/><\/figure><div class=\"wp-block-media-text__content\">\n<p>Metnitz liegt im Norden von K\u00e4rnten, dem s\u00fcdlichsten Bundesland von \u00d6sterreich!<\/p>\n<\/div><\/div>\n\n\n\n<p><strong>Von Norden:<\/strong>&nbsp;&nbsp;(D \/ CH und West\u00f6sterreich) A 10 Tauernautobahn \u2013 St. Michael \u2013 Stadl an der Mur \u2013 Metnitz.<\/p>\n\n\n\n<p><strong>Stammg\u00e4ste fahren staufrei:<\/strong>&nbsp;&nbsp;Regensburg \u2013 Passau \u2013 Wels \u2013 Trieben \u2013 Friesach \u2013 Metnitz.<\/p>\n\n\n\n<p><strong>Von Osten:<\/strong>&nbsp;&nbsp;kommend empfehlen wir Ihnen die S\u00fcdautobahn.<\/p>\n\n\n\n<p><strong>Per Bahn:<\/strong>&nbsp;&nbsp;Aus n\u00f6rdlichen Richtungen D \/ CH und West\u00f6sterreich ist der Zielbahnhof Friesach. Mit Postbus oder per Autoabholung nach Metnitz.<\/p>\n\n\n\n<p><strong>Aus Richtung Wien:<\/strong>&nbsp;&nbsp;Bis Friesach.&nbsp;&nbsp;\u2013&nbsp;&nbsp;Mit Postbus oder per Autoabholung nach Metnitz.<\/p>\n\n\n\n<p><strong>Per Flugzeug:<\/strong>&nbsp;&nbsp;\u00dcber Flugh\u00e4fen Klagenfurt, Graz oder Salzburg.<br>Von Klagenfurt betr\u00e4gt die weitere Anreise ca. 1 Stunde.<br>Von Graz ca. 1,5 Stunden, von Salzburg ca. 2 Stunden.<\/p>\n","protected":false},"excerpt":{"rendered":"<p>Metnitz liegt im Norden von K\u00e4rnten, dem s\u00fcdlichsten Bundesland von \u00d6sterreich! Von Norden:&nbsp;&nbsp;(D \/ CH und West\u00f6sterreich) A 10 Tauernautobahn \u2013 St. Michael \u2013 Stadl an der Mur \u2013 Metnitz. Stammg\u00e4ste fahren staufrei:&nbsp;&nbsp;Regensburg \u2013 Passau \u2013 Wels \u2013 Trieben \u2013 Friesach \u2013 Metnitz. Von Osten:&nbsp;&nbsp;kommend empfehlen wir Ihnen die S\u00fcdautobahn&#8230;.<\/p>\n","protected":false},"author":1,"featured_media":0,"parent":0,"menu_order":0,"comment_status":"closed","ping_status":"closed","template":"","meta":{"footnotes":""},"class_list":["post-20","page","type-page","status-publish","hentry"],"_links":{"self":[{"href":"http:\/\/metnitzerhof.at\/index.php\/wp-json\/wp\/v2\/pages\/20","targetHints":{"allow":["GET"]}}],"collection":[{"href":"http:\/\/metnitzerhof.at\/index.php\/wp-json\/wp\/v2\/pages"}],"about":[{"href":"http:\/\/metnitzerhof.at\/index.php\/wp-json\/wp\/v2\/types\/page"}],"author":[{"embeddable":true,"href":"http:\/\/metnitzerhof.at\/index.php\/wp-json\/wp\/v2\/users\/1"}],"replies":[{"embeddable":true,"href":"http:\/\/metnitzerhof.at\/index.php\/wp-json\/wp\/v2\/comments?post=20"}],"version-history":[{"count":2,"href":"http:\/\/metnitzerhof.at\/index.php\/wp-json\/wp\/v2\/pages\/20\/revisions"}],"predecessor-version":[{"id":23,"href":"http:\/\/metnitzerhof.at\/index.php\/wp-json\/wp\/v2\/pages\/20\/revisions\/23"}],"wp:attachment":[{"href":"http:\/\/metnitzerhof.at\/index.php\/wp-json\/wp\/v2\/media?parent=20"}],"curies":[{"name":"wp","href":"https:\/\/api.w.org\/{rel}","templated":true}]}}