{"id":8,"date":"2023-09-18T07:07:11","date_gmt":"2023-09-18T07:07:11","guid":{"rendered":"http:\/\/metnitzerhof.at\/?page_id=8"},"modified":"2023-09-18T08:59:02","modified_gmt":"2023-09-18T08:59:02","slug":"home","status":"publish","type":"page","link":"http:\/\/metnitzerhof.at\/","title":{"rendered":"Home"},"content":{"rendered":"\n<p><strong>Herzlich Willkommen im Metnitzerhof<\/strong><\/p>\n\n\n\n<figure class=\"wp-block-image size-full is-resized\"><img decoding=\"async\" src=\"http:\/\/metnitzerhof.at\/wp-content\/uploads\/2023\/09\/schaar.jpg\" alt=\"\" class=\"wp-image-10\" style=\"width:600px\" width=\"600\" srcset=\"http:\/\/metnitzerhof.at\/wp-content\/uploads\/2023\/09\/schaar.jpg 1024w, http:\/\/metnitzerhof.at\/wp-content\/uploads\/2023\/09\/schaar-300x225.jpg 300w, http:\/\/metnitzerhof.at\/wp-content\/uploads\/2023\/09\/schaar-768x576.jpg 768w, http:\/\/metnitzerhof.at\/wp-content\/uploads\/2023\/09\/schaar-850x638.jpg 850w\" sizes=\"(max-width: 1024px) 100vw, 1024px\" \/><\/figure>\n\n\n\n<p>Der&nbsp;<strong>\u201cMetnitzerhof\u201d<\/strong>&nbsp;liegt im sch\u00f6nen Ortskern von Metnitz in 847 m Seeh\u00f6he. Metnitz, ein lieblicher, auf einer Anh\u00f6he liegender Ort, umrahmt von den Gurktaler Alpen und den Nockbergen, ist der traditionsreiche Mittelpunkt des Metnitztales mit wertvollen Baudenkm\u00e4ler und Kunstsch\u00e4tzen \u2013 vor allem den Metnitzer Totentanzfresken.<\/p>\n\n\n\n<p>Hier k\u00f6nnen Sie sich mal richtig entspannen, erholen, frei sein und Zeit haben bzw. diese genie\u00dfen.<br>Ob Sie mal richtig ausruhen \u2013 faulenzen (wer wei\u00df noch wie das ist) oder doch mal die Natur wieder entdecken mit dem Rad oder zu Fu\u00df, bei uns k\u00f6nnen Sie auf jeden Fall wieder Kr\u00e4fte tanken.<\/p>\n\n\n\n<p>Schauen Sie sich auf unserer Seite um und informieren Sie sich ausgiebig \u00fcber unser Angebot.<br>Wir beraten Sie gerne, entweder telefonisch oder Sie besuchen uns gleich direkt, zum Essen oder auch zu einem festlichen Anlass.<\/p>\n\n\n\n<p><strong>Verbringen Sie eine sch\u00f6ne Zeit in unserem familienfreundlichen Landgasthof in angenehmer Umgebung in Metnitz im sch\u00f6nen Metnitztal!<\/strong><\/p>\n\n\n\n<h5 class=\"wp-block-heading\"><a href=\"http:\/\/www.alternative-lebensraeume.at\/index.php\/haus-Metnitzerhof1.html\" target=\"_blank\" rel=\"noreferrer noopener\">Wir sind auch ein Mitgliedsbetrieb von Alternative Lebensr\u00e4ume!<\/a><\/h5>\n\n\n\n<p>Wir freuen uns auf Ihren Besuch!<\/p>\n\n\n\n<p><strong>Landgasthof &#8211; Metnitzerhof<\/strong><br><strong>Fam. SCHAAR KEG<\/strong><br><strong><em>9363 Metnitz, Marktplatz 14<\/em><\/strong><br><em>ATU 44746806<\/em><br><em>Tel: +43 &#8211; (0)4267 &#8211; 600, Fax: +43 &#8211; (0)4267 &#8211; 600 6<br>E-Mail:&nbsp;<a href=\"mailto:metnitzerhof@aon.at?subject=\" target=\"_blank\" rel=\"noreferrer noopener\"><em>metnitzerhof@aon.at<\/em><\/a><\/em><\/p>\n","protected":false},"excerpt":{"rendered":"<p>Herzlich Willkommen im Metnitzerhof Der&nbsp;\u201cMetnitzerhof\u201d&nbsp;liegt im sch\u00f6nen Ortskern von Metnitz in 847 m Seeh\u00f6he. Metnitz, ein lieblicher, auf einer Anh\u00f6he liegender Ort, umrahmt von den Gurktaler Alpen und den Nockbergen, ist der traditionsreiche Mittelpunkt des Metnitztales mit wertvollen Baudenkm\u00e4ler und Kunstsch\u00e4tzen \u2013 vor allem den Metnitzer Totentanzfresken. Hier k\u00f6nnen Sie&#8230;<\/p>\n","protected":false},"author":1,"featured_media":0,"parent":0,"menu_order":0,"comment_status":"closed","ping_status":"closed","template":"","meta":{"footnotes":""},"class_list":["post-8","page","type-page","status-publish","hentry"],"_links":{"self":[{"href":"http:\/\/metnitzerhof.at\/index.php\/wp-json\/wp\/v2\/pages\/8","targetHints":{"allow":["GET"]}}],"collection":[{"href":"http:\/\/metnitzerhof.at\/index.php\/wp-json\/wp\/v2\/pages"}],"about":[{"href":"http:\/\/metnitzerhof.at\/index.php\/wp-json\/wp\/v2\/types\/page"}],"author":[{"embeddable":true,"href":"http:\/\/metnitzerhof.at\/index.php\/wp-json\/wp\/v2\/users\/1"}],"replies":[{"embeddable":true,"href":"http:\/\/metnitzerhof.at\/index.php\/wp-json\/wp\/v2\/comments?post=8"}],"version-history":[{"count":2,"href":"http:\/\/metnitzerhof.at\/index.php\/wp-json\/wp\/v2\/pages\/8\/revisions"}],"predecessor-version":[{"id":74,"href":"http:\/\/metnitzerhof.at\/index.php\/wp-json\/wp\/v2\/pages\/8\/revisions\/74"}],"wp:attachment":[{"href":"http:\/\/metnitzerhof.at\/index.php\/wp-json\/wp\/v2\/media?parent=8"}],"curies":[{"name":"wp","href":"https:\/\/api.w.org\/{rel}","templated":true}]}}